{"id":522,"date":"2025-08-27T22:01:45","date_gmt":"2025-08-27T22:01:45","guid":{"rendered":"https:\/\/sikkercsc.com\/?page_id=522"},"modified":"2025-11-07T17:36:43","modified_gmt":"2025-11-07T17:36:43","slug":"blog-2","status":"publish","type":"page","link":"https:\/\/sikkercsc.com\/en\/blog-2\/","title":{"rendered":"The Current State of Enterprise Cybersecurity"},"content":{"rendered":"<div data-elementor-type=\"wp-page\" data-elementor-id=\"522\" class=\"elementor elementor-522\">\n\t\t\t\t<div class=\"elementor-element elementor-element-1e69095 e-flex e-con-boxed e-con e-parent\" data-id=\"1e69095\" data-element_type=\"container\">\n\t\t\t\t\t<div class=\"e-con-inner\">\n\t\t\t\t<div class=\"elementor-element elementor-element-46b0a70 elementor-widget elementor-widget-eael-fancy-text\" data-id=\"46b0a70\" data-element_type=\"widget\" data-widget_type=\"eael-fancy-text.default\">\n\t\t\t\t\t\n\t<div  class=\"eael-fancy-text-container style-1\" data-fancy-text-id=\"46b0a70\" data-fancy-text=\"|proteger la informaci\u00f3n|garantizar la continuidad del negocio|fortalecer la confianza de tus clientes\" data-fancy-text-transition-type=\"typing\" data-fancy-text-speed=\"20\" data-fancy-text-delay=\"1000\" data-fancy-text-cursor=\"yes\" data-fancy-text-loop=\"yes\" data-fancy-text-action=\"page_load\" >\n\t\t\t\t\t<span class=\"eael-fancy-text-prefix\">La ciberseguridad empresarial es clave para <\/span>\n\t\t\n\t\t\n\t\t\t\t\t<span id=\"eael-fancy-text-46b0a70\" class=\"eael-fancy-text-strings solid-color\">\n\t\t\t\t<noscript>\n\t\t\t\t\tproteger la informaci\u00f3n, garantizar la continuidad del negocio, fortalecer la confianza de tus clientes\t\t\t\t<\/noscript>\n\t\t\t<\/span>\n\t\t\n\t\t\t\t\t<span class=\"eael-fancy-text-suffix\"> .<\/span>\n\t\t\t<\/div><!-- close .eael-fancy-text-container -->\n\n\t<div class=\"clearfix\"><\/div>\n\n\t\t\t\t\t<\/div>\n\t\t\t\t\t<\/div>\n\t\t\t\t<\/div>\n\t\t<div class=\"elementor-element elementor-element-ad47a93 e-flex e-con-boxed e-con e-parent\" data-id=\"ad47a93\" data-element_type=\"container\">\n\t\t\t\t\t<div class=\"e-con-inner\">\n\t\t\t\t<div class=\"elementor-element elementor-element-08e4afa elementor-widget elementor-widget-spacer\" data-id=\"08e4afa\" data-element_type=\"widget\" data-widget_type=\"spacer.default\">\n\t\t\t\t\t\t\t<div class=\"elementor-spacer\">\n\t\t\t<div class=\"elementor-spacer-inner\"><\/div>\n\t\t<\/div>\n\t\t\t\t\t\t<\/div>\n\t\t\t\t\t<\/div>\n\t\t\t\t<\/div>\n\t\t<div class=\"elementor-element elementor-element-471eefa e-flex e-con-boxed e-con e-parent\" data-id=\"471eefa\" data-element_type=\"container\">\n\t\t\t\t\t<div class=\"e-con-inner\">\n\t\t\t\t<div class=\"elementor-element elementor-element-c153bb4 elementor-widget elementor-widget-heading\" data-id=\"c153bb4\" data-element_type=\"widget\" data-widget_type=\"heading.default\">\n\t\t\t\t\t<h2 class=\"elementor-heading-title elementor-size-default\">The Current State of Enterprise Cybersecurity<\/h2>\t\t\t\t<\/div>\n\t\t\t\t\t<\/div>\n\t\t\t\t<\/div>\n\t\t<div class=\"elementor-element elementor-element-876cb55 e-flex e-con-boxed e-con e-parent\" data-id=\"876cb55\" data-element_type=\"container\">\n\t\t\t\t\t<div class=\"e-con-inner\">\n\t\t\t\t<div class=\"elementor-element elementor-element-00a953b elementor-widget__width-initial eael-fg-card-content-align-left elementor-widget elementor-widget-eael-filterable-gallery\" data-id=\"00a953b\" data-element_type=\"widget\" data-settings=\"{&quot;photo_gallery&quot;:&quot;yes&quot;}\" data-widget_type=\"eael-filterable-gallery.default\">\n\t\t\t\t\t<style id=\"eael-fg-inline-css-00a953b\">@media only screen and (max-width: 2399px) {\n\t\t\t\t\t.elementor-element.elementor-element-00a953b .eael-filterable-gallery-item-wrap {\n\t\t\t\t\t        width: 33.333333333333%;\n\t\t\t\t\t    }\n\t\t\t\t\t}@media only screen and (max-width: 1024px) {\n\t\t\t\t\t.elementor-element.elementor-element-00a953b  .eael-filterable-gallery-item-wrap {\n\t\t\t\t\t        width: 50%;\n\t\t\t\t\t    }\n\t\t\t\t\t}@media only screen and (max-width: 767px) {\n\t\t\t\t\t.elementor-element.elementor-element-00a953b  .eael-filterable-gallery-item-wrap {\n\t\t\t\t\t        width: 100%;\n\t\t\t\t\t    }\n\t\t\t\t\t}<\/style>        <div id=\"eael-filter-gallery-wrapper-00a953b\" class=\"eael-filter-gallery-wrapper\" data-layout-mode=\"layout_3\" data-breakpoints=\"{&quot;mobile&quot;:{&quot;label&quot;:&quot;Mobile Portrait&quot;,&quot;value&quot;:767,&quot;default_value&quot;:767,&quot;direction&quot;:&quot;max&quot;,&quot;is_enabled&quot;:true},&quot;mobile_extra&quot;:{&quot;label&quot;:&quot;Mobile Landscape&quot;,&quot;value&quot;:880,&quot;default_value&quot;:880,&quot;direction&quot;:&quot;max&quot;,&quot;is_enabled&quot;:false},&quot;tablet&quot;:{&quot;label&quot;:&quot;Tablet Portrait&quot;,&quot;value&quot;:1024,&quot;default_value&quot;:1024,&quot;direction&quot;:&quot;max&quot;,&quot;is_enabled&quot;:true},&quot;tablet_extra&quot;:{&quot;label&quot;:&quot;Tablet Landscape&quot;,&quot;value&quot;:1200,&quot;default_value&quot;:1200,&quot;direction&quot;:&quot;max&quot;,&quot;is_enabled&quot;:false},&quot;laptop&quot;:{&quot;label&quot;:&quot;Laptop&quot;,&quot;value&quot;:1366,&quot;default_value&quot;:1366,&quot;direction&quot;:&quot;max&quot;,&quot;is_enabled&quot;:false},&quot;widescreen&quot;:{&quot;label&quot;:&quot;Widescreen&quot;,&quot;value&quot;:2400,&quot;default_value&quot;:2400,&quot;direction&quot;:&quot;min&quot;,&quot;is_enabled&quot;:false}}\" data-default_control_key=\"0\" data-custom_default_control=\"\">\n                        <div class=\"fg-layout-3-filters-wrap\">\n                <div class=\"fg-filter-wrap\">\n                    <button id=\"fg-filter-trigger\" class=\"fg-filter-trigger\">\n                        <span>\n                            Todo                        <\/span>\n                        <i class=\"fas fa-angle-down\"><\/i>\n                    <\/button>\n                    <ul class=\"fg-layout-3-filter-controls\">\n                                                    <li class=\"control  active\" data-filter=\"*\">Todo<\/li>\n                                                \n                                                    <li  class=\"control\" data-filter=\".eael-cf-gallery-filter\" data-no-translation=\"\" data-trp-gettext=\"\">Gallery Filter<\/li>\n                                            <\/ul>\n                <\/div>\n\n                <form class=\"fg-layout-3-search-box\" id=\"fg-layout-3-search-box\" autocomplete=\"off\" action=\"\">\n                    <input type=\"text\" id=\"fg-search-box-input\" name=\"fg-frontend-search\" placeholder=\"Buscar elemento de la galer\u00eda...\" \/>\n                <input type=\"hidden\" name=\"trp-form-language\" value=\"en\"\/><\/form>\n\n            <\/div>\n                    <div class=\"eael-filter-gallery-container eael-filter-gallery-grid\" data-images-per-page=\"\" data-total-gallery-items=\"5\" data-nomore-item-text=\"\" data-is-randomize=\"no\" data-settings=\"{&quot;grid_style&quot;:&quot;grid&quot;,&quot;popup&quot;:&quot;none&quot;,&quot;duration&quot;:500,&quot;gallery_enabled&quot;:&quot;yes&quot;,&quot;video_gallery_yt_privacy&quot;:&quot;&quot;,&quot;control_all_text&quot;:&quot;Todo&quot;,&quot;post_id&quot;:522,&quot;widget_id&quot;:&quot;00a953b&quot;}\" data-search-all=\"\" data-gallery-items=\"WyI8ZGl2IGNsYXNzPVwiZWFlbC1maWx0ZXJhYmxlLWdhbGxlcnktaXRlbS13cmFwIGVhZWwtY2YtdGhyZWF0IGVhZWwtY2YtaHVudGluZ1wiIGRhdGEtc2VhcmNoLWtleT1cInRocmVhdC1odW50aW5nOi1sYS1jYXphLXByb2FjdGl2YS1kZS1hbWVuYXphcy1xdWUtdHUtZW1wcmVzYS1uZWNlc2l0YVwiPjxkaXYgY2xhc3M9XCJmZy1sYXlvdXQtMy1pdGVtIGVhZWwtZ2FsbGVyeS1ncmlkLWl0ZW1cIj48ZGl2IGNsYXNzPVwiZ2FsbGVyeS1pdGVtLXRodW1ibmFpbC13cmFwIGZnLWxheW91dC0zLWl0ZW0tdGh1bWJcIj48aW1nIHNyYz1cImh0dHBzOlwvXC9zaWtrZXJjc2MuY29tXC93cC1jb250ZW50XC91cGxvYWRzXC8yMDI1XC8wOFwvYmxvZzEuYXZpZlwiIGRhdGEtbGF6eS1zcmM9XCJodHRwczpcL1wvc2lra2VyY3NjLmNvbVwvd3AtY29udGVudFwvdXBsb2Fkc1wvMjAyNVwvMDhcL2Jsb2cxLmF2aWZcIiBhbHQ9XCJUaHJlYXQgSHVudGluZzogTGEgY2F6YSBwcm9hY3RpdmEgZGUgYW1lbmF6YXMgcXVlIHR1IGVtcHJlc2EgbmVjZXNpdGFcIiBjbGFzcz1cImdhbGxlcnktaXRlbS10aHVtYm5haWxcIj48ZGl2IGNsYXNzPVwiZ2FsbGVyeS1pdGVtLWNhcHRpb24td3JhcCBjYXJkLWhvdmVyLWJnIGNhcHRpb24tc3R5bGUtaG92ZXJlclwiPjxkaXYgY2xhc3M9XCJmZy1jYXB0aW9uLWhlYWRcIj48XC9kaXY+PGRpdiBjbGFzcz1cImdhbGxlcnktaXRlbS1idXR0b25zXCI+PFwvZGl2PjxcL2Rpdj48XC9kaXY+PGRpdiBjbGFzcz1cImZnLWxheW91dC0zLWl0ZW0tY29udGVudFwiPjxhIGhyZWY9XCJodHRwczpcL1wvc2lra2VyY3NjLmNvbVwvdGhyZWF0LWh1bnRpbmctbGEtY2F6YS1wcm9hY3RpdmEtZGUtYW1lbmF6YXMtcXVlLXR1LWVtcHJlc2EtbmVjZXNpdGFcL1wiIHRhcmdldD1cIl9ibGFua1wiPjxoMiBjbGFzcz1cImZnLWl0ZW0tdGl0bGVcIj5UaHJlYXQgSHVudGluZzogTGEgY2F6YSBwcm9hY3RpdmEgZGUgYW1lbmF6YXMgcXVlIHR1IGVtcHJlc2EgbmVjZXNpdGE8XC9oMj48XC9hPjxkaXYgY2xhc3M9XCJmZy1pdGVtLWNvbnRlbnRcIj48cCBjbGFzcz1cIlV5LVhUIC1XUDlCXCIgc3R5bGU9XCJ0ZXh0LWFsaWduOiBsZWZ0O1wiIGRhdGEtcG0tc2xpY2U9XCIxIDEgW11cIj5MYSBzZWd1cmlkYWQgdHJhZGljaW9uYWwgYmFzYWRhIGVuIGFsZXJ0YXMgeWEgbm8gZXMgc3VmaWNpZW50ZS5cdTAwYTA8XC9wPlxuPFwvZGl2PjxcL2Rpdj48XC9kaXY+PFwvZGl2PiIsIjxkaXYgY2xhc3M9XCJlYWVsLWZpbHRlcmFibGUtZ2FsbGVyeS1pdGVtLXdyYXAgZWFlbC1jZi1hcm1hIGVhZWwtY2YtdHJhbnNmb3JtYW5kbyBlYWVsLWNmLWNpYmVyc2VndXJpZGFkIGVhZWwtY2YtaWFcIiBkYXRhLXNlYXJjaC1rZXk9XCJpYTotZWwtYXJtYS1kZS1kb2JsZS1maWxvLXF1ZS1lc3RcdTAwZTEtdHJhbnNmb3JtYW5kby1sYS1jaWJlcnNlZ3VyaWRhZFwiPjxkaXYgY2xhc3M9XCJmZy1sYXlvdXQtMy1pdGVtIGVhZWwtZ2FsbGVyeS1ncmlkLWl0ZW1cIj48ZGl2IGNsYXNzPVwiZ2FsbGVyeS1pdGVtLXRodW1ibmFpbC13cmFwIGZnLWxheW91dC0zLWl0ZW0tdGh1bWJcIj48aW1nIHNyYz1cImh0dHBzOlwvXC9zaWtrZXJjc2MuY29tXC93cC1jb250ZW50XC91cGxvYWRzXC8yMDI1XC8wOFwvYjIuYXZpZlwiIGRhdGEtbGF6eS1zcmM9XCJodHRwczpcL1wvc2lra2VyY3NjLmNvbVwvd3AtY29udGVudFwvdXBsb2Fkc1wvMjAyNVwvMDhcL2IyLmF2aWZcIiBhbHQ9XCJJQTogRWwgQXJtYSBkZSBEb2JsZSBGaWxvIHF1ZSBFc3RcdTAwZTEgVHJhbnNmb3JtYW5kbyBsYSBDaWJlcnNlZ3VyaWRhZFwiIGNsYXNzPVwiZ2FsbGVyeS1pdGVtLXRodW1ibmFpbFwiPjxkaXYgY2xhc3M9XCJnYWxsZXJ5LWl0ZW0tY2FwdGlvbi13cmFwIGNhcmQtaG92ZXItYmcgY2FwdGlvbi1zdHlsZS1ob3ZlcmVyXCI+PGRpdiBjbGFzcz1cImZnLWNhcHRpb24taGVhZFwiPjxcL2Rpdj48ZGl2IGNsYXNzPVwiZ2FsbGVyeS1pdGVtLWJ1dHRvbnNcIj48XC9kaXY+PFwvZGl2PjxcL2Rpdj48ZGl2IGNsYXNzPVwiZmctbGF5b3V0LTMtaXRlbS1jb250ZW50XCI+PGEgaHJlZj1cImh0dHBzOlwvXC9zaWtrZXJjc2MuY29tXC9pYS1lbC1hcm1hLWRlLWRvYmxlLWZpbG8tcXVlLWVzdGEtdHJhbnNmb3JtYW5kby1sYS1jaWJlcnNlZ3VyaWRhZFwvXCIgdGFyZ2V0PVwiX2JsYW5rXCI+PGgyIGNsYXNzPVwiZmctaXRlbS10aXRsZVwiPklBOiBFbCBBcm1hIGRlIERvYmxlIEZpbG8gcXVlIEVzdFx1MDBlMSBUcmFuc2Zvcm1hbmRvIGxhIENpYmVyc2VndXJpZGFkPFwvaDI+PFwvYT48ZGl2IGNsYXNzPVwiZmctaXRlbS1jb250ZW50XCI+PHAgaWQ9XCJkOHM2cjE4OVwiIGNsYXNzPVwiVXktWFQgLVdQOUJcIiBkYXRhLXBtLXNsaWNlPVwiMSAxIFtdXCI+TGEgSUEgcmVwcmVzZW50YSB1biBhdmFuY2UgcGVybWFuZW50ZSwgYXVucXVlIGFjb21wYVx1MDBmMWFkbyBkZSBudWV2b3Mgcmllc2dvcy48XC9wPlxuPFwvZGl2PjxcL2Rpdj48XC9kaXY+PFwvZGl2PiIsIjxkaXYgY2xhc3M9XCJlYWVsLWZpbHRlcmFibGUtZ2FsbGVyeS1pdGVtLXdyYXAgZWFlbC1jZi1pbnRlbGlnZW5jaWEgZWFlbC1jZi1hcnRpZmljaWFsIGVhZWwtY2YtcmVsYWNpXHUwMGYzbiBlYWVsLWNmLWFsaWFkb3MgZWFlbC1jZi1hbWVuYXphc1wiIGRhdGEtc2VhcmNoLWtleT1cImludGVsaWdlbmNpYS1hcnRpZmljaWFsLXktY2liZXJzZWd1cmlkYWQ6LXVuYS1yZWxhY2lcdTAwZjNuLWRlLWFsaWFkb3MteS1hbWVuYXphc1wiPjxkaXYgY2xhc3M9XCJmZy1sYXlvdXQtMy1pdGVtIGVhZWwtZ2FsbGVyeS1ncmlkLWl0ZW1cIj48ZGl2IGNsYXNzPVwiZ2FsbGVyeS1pdGVtLXRodW1ibmFpbC13cmFwIGZnLWxheW91dC0zLWl0ZW0tdGh1bWJcIj48aW1nIHNyYz1cImh0dHBzOlwvXC9zaWtrZXJjc2MuY29tXC93cC1jb250ZW50XC91cGxvYWRzXC8yMDI1XC8wOVwvaW1hZ2UtMS5wbmdcIiBkYXRhLWxhenktc3JjPVwiaHR0cHM6XC9cL3Npa2tlcmNzYy5jb21cL3dwLWNvbnRlbnRcL3VwbG9hZHNcLzIwMjVcLzA5XC9pbWFnZS0xLnBuZ1wiIGFsdD1cIkludGVsaWdlbmNpYSBBcnRpZmljaWFsIHkgQ2liZXJzZWd1cmlkYWQ6IFVuYSByZWxhY2lcdTAwZjNuIGRlIGFsaWFkb3MgeSBhbWVuYXphc1wiIGNsYXNzPVwiZ2FsbGVyeS1pdGVtLXRodW1ibmFpbFwiPjxkaXYgY2xhc3M9XCJnYWxsZXJ5LWl0ZW0tY2FwdGlvbi13cmFwIGNhcmQtaG92ZXItYmcgY2FwdGlvbi1zdHlsZS1ob3ZlcmVyXCI+PGRpdiBjbGFzcz1cImZnLWNhcHRpb24taGVhZFwiPjxcL2Rpdj48ZGl2IGNsYXNzPVwiZ2FsbGVyeS1pdGVtLWJ1dHRvbnNcIj48XC9kaXY+PFwvZGl2PjxcL2Rpdj48ZGl2IGNsYXNzPVwiZmctbGF5b3V0LTMtaXRlbS1jb250ZW50XCI+PGEgaHJlZj1cImh0dHBzOlwvXC9zaWtrZXJjc2MuY29tXC9lc1wvaW50ZWxpZ2VuY2lhLWFydGlmaWNpYWwteS1jaWJlcnNlZ3VyaWRhZC11bmEtcmVsYWNpb24tZGUtYWxpYWRvcy15LWFtZW5hemFzXC9cIiB0YXJnZXQ9XCJfYmxhbmtcIj48aDIgY2xhc3M9XCJmZy1pdGVtLXRpdGxlXCI+SW50ZWxpZ2VuY2lhIEFydGlmaWNpYWwgeSBDaWJlcnNlZ3VyaWRhZDogVW5hIHJlbGFjaVx1MDBmM24gZGUgYWxpYWRvcyB5IGFtZW5hemFzPFwvaDI+PFwvYT48ZGl2IGNsYXNzPVwiZmctaXRlbS1jb250ZW50XCI+PHA+TGEgSW50ZWxpZ2VuY2lhIEFydGlmaWNpYWwgKElBKSBoYSBkZWphZG8gZGUgc2VyIHVuIGNvbmNlcHRvIGZ1dHVyaXN0YS48XC9wPlxuPFwvZGl2PjxcL2Rpdj48XC9kaXY+PFwvZGl2PiIsIjxkaXYgY2xhc3M9XCJlYWVsLWZpbHRlcmFibGUtZ2FsbGVyeS1pdGVtLXdyYXAgZWFlbC1jZi0yMDI2IGVhZWwtY2YtY2liZXJzZWd1cmlkYWQgZWFlbC1jZi1pbnZlcnNpXHUwMGYzbiBlYWVsLWNmLWVtcHJlc2FzIGVhZWwtY2YtZXN0cmF0XHUwMGU5Z2ljYVwiIGRhdGEtc2VhcmNoLWtleT1cImxhLWNpYmVyc2VndXJpZGFkLWVuLTIwMjY6LXVuYS1pbnZlcnNpXHUwMGYzbi1lc3RyYXRcdTAwZTlnaWNhLXBhcmEtbGFzLWVtcHJlc2FzXCI+PGRpdiBjbGFzcz1cImZnLWxheW91dC0zLWl0ZW0gZWFlbC1nYWxsZXJ5LWdyaWQtaXRlbVwiPjxkaXYgY2xhc3M9XCJnYWxsZXJ5LWl0ZW0tdGh1bWJuYWlsLXdyYXAgZmctbGF5b3V0LTMtaXRlbS10aHVtYlwiPjxpbWcgc3JjPVwiaHR0cHM6XC9cL3Npa2tlcmNzYy5jb21cL3dwLWNvbnRlbnRcL3VwbG9hZHNcLzIwMjVcLzEwXC9XaGF0c0FwcC1JbWFnZS0yMDI1LTEwLTEzLWF0LTEwLjMwLjUzLmpwZWdcIiBkYXRhLWxhenktc3JjPVwiaHR0cHM6XC9cL3Npa2tlcmNzYy5jb21cL3dwLWNvbnRlbnRcL3VwbG9hZHNcLzIwMjVcLzEwXC9XaGF0c0FwcC1JbWFnZS0yMDI1LTEwLTEzLWF0LTEwLjMwLjUzLmpwZWdcIiBhbHQ9XCJMYSBDaWJlcnNlZ3VyaWRhZCBlbiAyMDI2OiBVbmEgSW52ZXJzaVx1MDBmM24gRXN0cmF0XHUwMGU5Z2ljYSBwYXJhIGxhcyBlbXByZXNhc1wiIGNsYXNzPVwiZ2FsbGVyeS1pdGVtLXRodW1ibmFpbFwiPjxkaXYgY2xhc3M9XCJnYWxsZXJ5LWl0ZW0tY2FwdGlvbi13cmFwIGNhcmQtaG92ZXItYmcgY2FwdGlvbi1zdHlsZS1ob3ZlcmVyXCI+PGRpdiBjbGFzcz1cImZnLWNhcHRpb24taGVhZFwiPjxcL2Rpdj48ZGl2IGNsYXNzPVwiZ2FsbGVyeS1pdGVtLWJ1dHRvbnNcIj48XC9kaXY+PFwvZGl2PjxcL2Rpdj48ZGl2IGNsYXNzPVwiZmctbGF5b3V0LTMtaXRlbS1jb250ZW50XCI+PGEgaHJlZj1cImh0dHBzOlwvXC9zaWtrZXJjc2MuY29tXC9lc1wvbGEtY2liZXJzZWd1cmlkYWQtZW4tMjAyNi11bmEtaW52ZXJzaW9uLWVzdHJhdGVnaWNhLXBhcmEtbGFzLWVtcHJlc2FzbGEtY2liZXJzZWd1cmlkYWQtZW4tMjAyNi11bmEtaW52ZXJzaW9uLWVzdHJhdGVnaWNhLXBhcmEtbGFzLWVtcHJlc2FzXCI+PGgyIGNsYXNzPVwiZmctaXRlbS10aXRsZVwiPkxhIENpYmVyc2VndXJpZGFkIGVuIDIwMjY6IFVuYSBJbnZlcnNpXHUwMGYzbiBFc3RyYXRcdTAwZTlnaWNhIHBhcmEgbGFzIGVtcHJlc2FzPFwvaDI+PFwvYT48ZGl2IGNsYXNzPVwiZmctaXRlbS1jb250ZW50XCI+PHA+TGEgY2liZXJzZWd1cmlkYWQgbm8gZGViZXJcdTAwZWRhIGNvbXBldGlyIGNvbiBvdHJvcyBwcm95ZWN0b3M7IGRlYmVyXHUwMGVkYSBwcm90ZWdlcmxvcyBhIHRvZG9zLjxcL3A+XG48XC9kaXY+PFwvZGl2PjxcL2Rpdj48XC9kaXY+IiwiPGRpdiBjbGFzcz1cImVhZWwtZmlsdGVyYWJsZS1nYWxsZXJ5LWl0ZW0td3JhcCBlYWVsLWNmLVwiIGRhdGEtc2VhcmNoLWtleT1cIm1cdTAwZTFzLWRlLTYwLXBhXHUwMGVkc2VzLWZpcm1hbi1lbC10cmF0YWRvLWhpc3RcdTAwZjNyaWNvLWRlLWxhLW9udS1jb250cmEtbGEtY2liZXJkZWxpbmN1ZW5jaWFcIj48ZGl2IGNsYXNzPVwiZmctbGF5b3V0LTMtaXRlbSBlYWVsLWdhbGxlcnktZ3JpZC1pdGVtXCI+PGRpdiBjbGFzcz1cImdhbGxlcnktaXRlbS10aHVtYm5haWwtd3JhcCBmZy1sYXlvdXQtMy1pdGVtLXRodW1iXCI+PGltZyBzcmM9XCJodHRwczpcL1wvc2lra2VyY3NjLmNvbVwvd3AtY29udGVudFwvdXBsb2Fkc1wvMjAyNVwvMTFcLzg2ODQ2YzAyLTg1YTgtNDBlYy05MGM4LTgzNDQ2ODE5MDY1Mi5qcGdcIiBkYXRhLWxhenktc3JjPVwiaHR0cHM6XC9cL3Npa2tlcmNzYy5jb21cL3dwLWNvbnRlbnRcL3VwbG9hZHNcLzIwMjVcLzExXC84Njg0NmMwMi04NWE4LTQwZWMtOTBjOC04MzQ0NjgxOTA2NTIuanBnXCIgYWx0PVwiTVx1MDBlMXMgZGUgNjAgcGFcdTAwZWRzZXMgZmlybWFuIGVsIHRyYXRhZG8gaGlzdFx1MDBmM3JpY28gZGUgbGEgT05VIGNvbnRyYSBsYSBjaWJlcmRlbGluY3VlbmNpYVwiIGNsYXNzPVwiZ2FsbGVyeS1pdGVtLXRodW1ibmFpbFwiPjxkaXYgY2xhc3M9XCJnYWxsZXJ5LWl0ZW0tY2FwdGlvbi13cmFwIGNhcmQtaG92ZXItYmcgY2FwdGlvbi1zdHlsZS1ob3ZlcmVyXCI+PGRpdiBjbGFzcz1cImZnLWNhcHRpb24taGVhZFwiPjxcL2Rpdj48ZGl2IGNsYXNzPVwiZ2FsbGVyeS1pdGVtLWJ1dHRvbnNcIj48XC9kaXY+PFwvZGl2PjxcL2Rpdj48ZGl2IGNsYXNzPVwiZmctbGF5b3V0LTMtaXRlbS1jb250ZW50XCI+PGEgaHJlZj1cImh0dHBzOlwvXC9zaWtrZXJjc2MuY29tXC9lc1wvdHJhdGFkby1vbnVcIj48aDIgY2xhc3M9XCJmZy1pdGVtLXRpdGxlXCI+TVx1MDBlMXMgZGUgNjAgcGFcdTAwZWRzZXMgZmlybWFuIGVsIHRyYXRhZG8gaGlzdFx1MDBmM3JpY28gZGUgbGEgT05VIGNvbnRyYSBsYSBjaWJlcmRlbGluY3VlbmNpYTxcL2gyPjxcL2E+PGRpdiBjbGFzcz1cImZnLWl0ZW0tY29udGVudFwiPjxwPlVuYSBjZXJlbW9uaWEgZW4gSGFuXHUwMGYzaSBtYXJjYSB1biBoaXRvIGVuIGxhIGNvb3BlcmFjaVx1MDBmM24gaW50ZXJuYWNpb25hbCBkaWdpdGFsLjxcL3A+XG48XC9kaXY+PFwvZGl2PjxcL2Rpdj48XC9kaXY+Il0=\" data-init-show=\"5\">\n            <div class=\"eael-filterable-gallery-item-wrap eael-cf-threat eael-cf-hunting\" data-search-key=\"threat-hunting:-la-caza-proactiva-de-amenazas-que-tu-empresa-necesita\"><div class=\"fg-layout-3-item eael-gallery-grid-item\"><div class=\"gallery-item-thumbnail-wrap fg-layout-3-item-thumb\"><img decoding=\"async\" src=\"https:\/\/sikkercsc.com\/wp-content\/uploads\/2025\/08\/blog1.avif\" data-lazy-src=\"https:\/\/sikkercsc.com\/wp-content\/uploads\/2025\/08\/blog1.avif\" alt=\"Threat Hunting: La caza proactiva de amenazas que tu empresa necesita\" class=\"gallery-item-thumbnail\"><div class=\"gallery-item-caption-wrap card-hover-bg caption-style-hoverer\"><div class=\"fg-caption-head\"><\/div><div class=\"gallery-item-buttons\"><\/div><\/div><\/div><div class=\"fg-layout-3-item-content\"><a href=\"https:\/\/sikkercsc.com\/en\/threat-hunting-la-caza-proactiva-de-amenazas-que-tu-empresa-necesita\/\" target=\"_blank\"><h2 class=\"fg-item-title\">Threat Hunting: La caza proactiva de amenazas que tu empresa necesita<\/h2><\/a><div class=\"fg-item-content\"><p class=\"Uy-XT -WP9B\" style=\"text-align: left;\" data-pm-slice=\"1 1 []\">La seguridad tradicional basada en alertas ya no es suficiente.\u00a0<\/p>\n<\/div><\/div><\/div><\/div><div class=\"eael-filterable-gallery-item-wrap eael-cf-arma eael-cf-transformando eael-cf-ciberseguridad eael-cf-ia\" data-search-key=\"ia:-el-arma-de-doble-filo-que-est\u00e1-transformando-la-ciberseguridad\"><div class=\"fg-layout-3-item eael-gallery-grid-item\"><div class=\"gallery-item-thumbnail-wrap fg-layout-3-item-thumb\"><img decoding=\"async\" src=\"https:\/\/sikkercsc.com\/wp-content\/uploads\/2025\/08\/b2.avif\" data-lazy-src=\"https:\/\/sikkercsc.com\/wp-content\/uploads\/2025\/08\/b2.avif\" alt=\"IA: El Arma de Doble Filo que Est\u00e1 Transformando la Ciberseguridad\" class=\"gallery-item-thumbnail\"><div class=\"gallery-item-caption-wrap card-hover-bg caption-style-hoverer\"><div class=\"fg-caption-head\"><\/div><div class=\"gallery-item-buttons\"><\/div><\/div><\/div><div class=\"fg-layout-3-item-content\"><a href=\"https:\/\/sikkercsc.com\/en\/ia-el-arma-de-doble-filo-que-esta-transformando-la-ciberseguridad\/\" target=\"_blank\"><h2 class=\"fg-item-title\">IA: El Arma de Doble Filo que Est\u00e1 Transformando la Ciberseguridad<\/h2><\/a><div class=\"fg-item-content\"><p id=\"d8s6r189\" class=\"Uy-XT -WP9B\" data-pm-slice=\"1 1 []\">La IA representa un avance permanente, aunque acompa\u00f1ado de nuevos riesgos.<\/p>\n<\/div><\/div><\/div><\/div><div class=\"eael-filterable-gallery-item-wrap eael-cf-inteligencia eael-cf-artificial eael-cf-relaci\u00f3n eael-cf-aliados eael-cf-amenazas\" data-search-key=\"inteligencia-artificial-y-ciberseguridad:-una-relaci\u00f3n-de-aliados-y-amenazas\"><div class=\"fg-layout-3-item eael-gallery-grid-item\"><div class=\"gallery-item-thumbnail-wrap fg-layout-3-item-thumb\"><img decoding=\"async\" src=\"https:\/\/sikkercsc.com\/wp-content\/uploads\/2025\/09\/image-1.png\" data-lazy-src=\"https:\/\/sikkercsc.com\/wp-content\/uploads\/2025\/09\/image-1.png\" alt=\"Inteligencia Artificial y Ciberseguridad: Una relaci\u00f3n de aliados y amenazas\" class=\"gallery-item-thumbnail\"><div class=\"gallery-item-caption-wrap card-hover-bg caption-style-hoverer\"><div class=\"fg-caption-head\"><\/div><div class=\"gallery-item-buttons\"><\/div><\/div><\/div><div class=\"fg-layout-3-item-content\"><a href=\"https:\/\/sikkercsc.com\/en\/inteligencia-artificial-y-ciberseguridad-una-relacion-de-aliados-y-amenazas\/\" target=\"_blank\"><h2 class=\"fg-item-title\">Inteligencia Artificial y Ciberseguridad: Una relaci\u00f3n de aliados y amenazas<\/h2><\/a><div class=\"fg-item-content\"><p>La Inteligencia Artificial (IA) ha dejado de ser un concepto futurista.<\/p>\n<\/div><\/div><\/div><\/div><div class=\"eael-filterable-gallery-item-wrap eael-cf-2026 eael-cf-ciberseguridad eael-cf-inversi\u00f3n eael-cf-empresas eael-cf-estrat\u00e9gica\" data-search-key=\"la-ciberseguridad-en-2026:-una-inversi\u00f3n-estrat\u00e9gica-para-las-empresas\"><div class=\"fg-layout-3-item eael-gallery-grid-item\"><div class=\"gallery-item-thumbnail-wrap fg-layout-3-item-thumb\"><img decoding=\"async\" src=\"https:\/\/sikkercsc.com\/wp-content\/uploads\/2025\/10\/WhatsApp-Image-2025-10-13-at-10.30.53.jpeg\" data-lazy-src=\"https:\/\/sikkercsc.com\/wp-content\/uploads\/2025\/10\/WhatsApp-Image-2025-10-13-at-10.30.53.jpeg\" alt=\"La Ciberseguridad en 2026: Una Inversi\u00f3n Estrat\u00e9gica para las empresas\" class=\"gallery-item-thumbnail\"><div class=\"gallery-item-caption-wrap card-hover-bg caption-style-hoverer\"><div class=\"fg-caption-head\"><\/div><div class=\"gallery-item-buttons\"><\/div><\/div><\/div><div class=\"fg-layout-3-item-content\"><a href=\"https:\/\/sikkercsc.com\/en\/la-ciberseguridad-en-2026-una-inversion-estrategica-para-las-empresasla-ciberseguridad-en-2026-una-inversion-estrategica-para-las-empresas\/\"><h2 class=\"fg-item-title\">La Ciberseguridad en 2026: Una Inversi\u00f3n Estrat\u00e9gica para las empresas<\/h2><\/a><div class=\"fg-item-content\"><p>Cybersecurity shouldn\u2019t compete with other projects; it should protect them all.<\/p>\n<\/div><\/div><\/div><\/div><div class=\"eael-filterable-gallery-item-wrap eael-cf-\" data-search-key=\"m\u00e1s-de-60-pa\u00edses-firman-el-tratado-hist\u00f3rico-de-la-onu-contra-la-ciberdelincuencia\"><div class=\"fg-layout-3-item eael-gallery-grid-item\"><div class=\"gallery-item-thumbnail-wrap fg-layout-3-item-thumb\"><img decoding=\"async\" src=\"https:\/\/sikkercsc.com\/wp-content\/uploads\/2025\/11\/86846c02-85a8-40ec-90c8-834468190652.jpg\" data-lazy-src=\"https:\/\/sikkercsc.com\/wp-content\/uploads\/2025\/11\/86846c02-85a8-40ec-90c8-834468190652.jpg\" alt=\"M\u00e1s de 60 pa\u00edses firman el tratado hist\u00f3rico de la ONU contra la ciberdelincuencia\" class=\"gallery-item-thumbnail\"><div class=\"gallery-item-caption-wrap card-hover-bg caption-style-hoverer\"><div class=\"fg-caption-head\"><\/div><div class=\"gallery-item-buttons\"><\/div><\/div><\/div><div class=\"fg-layout-3-item-content\"><a href=\"https:\/\/sikkercsc.com\/en\/tratado-onu\/\"><h2 class=\"fg-item-title\">M\u00e1s de 60 pa\u00edses firman el tratado hist\u00f3rico de la ONU contra la ciberdelincuencia<\/h2><\/a><div class=\"fg-item-content\"><p>A ceremony in Hanoi marks a milestone in international digital cooperation.<\/p>\n<\/div><\/div><\/div><\/div>            <div id=\"eael-fg-no-items-found\" style=\"display:none;\">\n                No se han encontrado elementos            <\/div>\n                    <\/div>\n                <\/div>\n        \n        \t\t\t\t<\/div>\n\t\t\t\t\t<\/div>\n\t\t\t\t<\/div>\n\t\t\t\t<\/div>","protected":false},"excerpt":{"rendered":"<p>La ciberseguridad empresarial es clave para proteger la informaci\u00f3n, garantizar la continuidad del negocio, fortalecer la confianza de tus clientes . Actualidad en Ciberseguridad Empresarial Todo Todo Filtro de galer\u00eda Threat Hunting: La caza proactiva de amenazas que tu empresa necesita La seguridad tradicional basada en alertas ya no es suficiente.\u00a0 IA: El Arma de &hellip; <\/p>\n<p class=\"link-more\"><a href=\"https:\/\/sikkercsc.com\/en\/blog-2\/\" class=\"more-link\">Read more<span class=\"screen-reader-text\"> \u00abActualidad en Ciberseguridad Empresarial\u00bb<\/span><\/a><\/p>","protected":false},"author":1,"featured_media":0,"parent":0,"menu_order":0,"comment_status":"closed","ping_status":"closed","template":"","meta":{"_eb_attr":"","footnotes":""},"class_list":["post-522","page","type-page","status-publish","hentry"],"_links":{"self":[{"href":"https:\/\/sikkercsc.com\/en\/wp-json\/wp\/v2\/pages\/522","targetHints":{"allow":["GET"]}}],"collection":[{"href":"https:\/\/sikkercsc.com\/en\/wp-json\/wp\/v2\/pages"}],"about":[{"href":"https:\/\/sikkercsc.com\/en\/wp-json\/wp\/v2\/types\/page"}],"author":[{"embeddable":true,"href":"https:\/\/sikkercsc.com\/en\/wp-json\/wp\/v2\/users\/1"}],"replies":[{"embeddable":true,"href":"https:\/\/sikkercsc.com\/en\/wp-json\/wp\/v2\/comments?post=522"}],"version-history":[{"count":101,"href":"https:\/\/sikkercsc.com\/en\/wp-json\/wp\/v2\/pages\/522\/revisions"}],"predecessor-version":[{"id":928,"href":"https:\/\/sikkercsc.com\/en\/wp-json\/wp\/v2\/pages\/522\/revisions\/928"}],"wp:attachment":[{"href":"https:\/\/sikkercsc.com\/en\/wp-json\/wp\/v2\/media?parent=522"}],"curies":[{"name":"wp","href":"https:\/\/api.w.org\/{rel}","templated":true}]}}